{"id":1293,"date":"2023-02-02T08:16:31","date_gmt":"2023-02-02T07:16:31","guid":{"rendered":"https:\/\/www.soudures.fr\/?page_id=1293"},"modified":"2025-07-29T17:26:43","modified_gmt":"2025-07-29T15:26:43","slug":"soudure-composant-cms-carte-mere-carte-electronique-cle-usb","status":"publish","type":"page","link":"https:\/\/www.soudures.fr\/index.php\/soudure-composant-cms-carte-mere-carte-electronique-cle-usb\/","title":{"rendered":"Cartes M\u00e8res"},"content":{"rendered":"<h1>Micro soudure sur carte m\u00e8re \u00e9lectronique \u00e0 Toulouse.<\/h1>\n<h2>Soudure sur carte m\u00e8re \u00e9lectronique, micro-soudure pour remplacement de composant CMS sur carte m\u00e8re, circuit imprim\u00e9&#8230;<\/h2>\n<p>La soudure d&rsquo;un de vos <strong><a href=\"https:\/\/www.soudures.fr\/index.php\/composants-electroniques\/\">composants \u00e9lectroniques est ab\u00eem\u00e9s<\/a> ou dessoud\u00e9s sur votre carte \u00e9lectronique,\u00a0<\/strong> ?\u00a0<strong>nous pouvons faire la soudure sur carte m\u00e8re \u00e9lectronique <\/strong>lire la suite&#8230;<\/p>\n<p><img loading=\"lazy\" decoding=\"async\" class=\"aligncenter wp-image-1779\" src=\"https:\/\/www.soudures.fr\/wp-content\/uploads\/2023\/12\/carte-mere-en-mauvais-etat-300x104.jpg\" alt=\"soudure sur carte m\u00e8re \u00e9lectronique\" width=\"825\" height=\"286\" srcset=\"https:\/\/www.soudures.fr\/wp-content\/uploads\/2023\/12\/carte-mere-en-mauvais-etat-300x104.jpg 300w, https:\/\/www.soudures.fr\/wp-content\/uploads\/2023\/12\/carte-mere-en-mauvais-etat-768x266.jpg 768w, https:\/\/www.soudures.fr\/wp-content\/uploads\/2023\/12\/carte-mere-en-mauvais-etat.jpg 1021w\" sizes=\"(max-width: 825px) 100vw, 825px\" \/><\/p>\n<p><!--more-->Nous serons en mesure de pratiquer une soudure ou un brasage de la pi\u00e8ce pour que cela fonctionne \u00e0 nouveau.<\/p>\n<p>Notre champ d&rsquo;action sur la micro soudure est large, nous pouvons intervenir sur :<\/p>\n<ul>\n<li><a href=\"https:\/\/www.soudures.fr\/index.php\/composants-electroniques\/\">Votre <strong>carte m\u00e8re de smartphone : Apple, Samsung, Sony, Nokia, Huawei,<\/strong> voir ici quelques exemples&#8230;<\/a><\/li>\n<li>Mais aussi sur des cartes m\u00e8res d&rsquo;alarme, d&rsquo;ordinateur, de climatiseur, de console de jeux, de t\u00e9l\u00e9viseur, de tablette tactile,&#8230;<\/li>\n<\/ul>\n<p>\u00a0<img loading=\"lazy\" decoding=\"async\" class=\"aligncenter wp-image-1786\" src=\"https:\/\/www.soudures.fr\/wp-content\/uploads\/2023\/12\/appareils-electroniques-300x277.jpg\" alt=\"soudure sur carte m\u00e8re \u00e9lectronique, cartes m\u00e8res d'alarme, d'ordinateur, de climatiseur, de console de jeux, de t\u00e9l\u00e9viseur, de tablette tactile\" width=\"676\" height=\"624\" srcset=\"https:\/\/www.soudures.fr\/wp-content\/uploads\/2023\/12\/appareils-electroniques-300x277.jpg 300w, https:\/\/www.soudures.fr\/wp-content\/uploads\/2023\/12\/appareils-electroniques-768x710.jpg 768w, https:\/\/www.soudures.fr\/wp-content\/uploads\/2023\/12\/appareils-electroniques.jpg 1024w\" sizes=\"(max-width: 676px) 100vw, 676px\" \/><\/p>\n<h2>Soudure sur carte m\u00e8re \u00e9lectronique &amp; Solution de micro soudure \u00e0 Toulouse<\/h2>\n<p>Vous \u00eates technicien en informatique, t\u00e9l\u00e9phonie ou TV, Hifi Vid\u00e9o, garagiste, installateur ou r\u00e9parateur&#8230;<br \/>Vous avez diagnostiqu\u00e9 une panne sur un <strong>composant \u00e9lectronique, ou arrach\u00e9<\/strong> un connecteur de charge ou autre mais vous ne faites pas ce genre de prestations, la soudure est possible.<\/p>\n<p>Par exemple, vous \u00eates <a href=\"https:\/\/cpix.fr\/104-iphone\">r\u00e9parateur en t\u00e9l\u00e9phonie et vous remplacez l&rsquo;\u00e9cran ou la batterie d&rsquo;un iPhone<\/a>, lors de votre intervention vous avez abim\u00e9 un connecteur sur la carte m\u00e8re, ou, vous constatez un composant soud\u00e9 \u00e0 la carte m\u00e8re qui est endommag\u00e9, vous pouvez venir nous voir pour voir ensemble les possibilit\u00e9s de r\u00e9paration optimale.<\/p>\n<p>Si la carte m\u00e8re de votre ordinateur, smartphone, climatisation, console de jeux, alarme, tableau de bord de voiture,&#8230; \u00e0 subit un dommage qui demande une <strong>r\u00e9paration par le brasage (ou micro-soudure) d&rsquo;un des composants, <\/strong><a href=\"https:\/\/www.soudures.fr\/#contact\">vous pouvez nous contactez : Par mail<\/a> ou <a href=\"http:\/\/&lt;a href=&quot;tel:0666418683&quot;&gt;&lt;\/a&gt;\">par t\u00e9l\u00e9phone<\/a>, afin de nous donner les d\u00e9tails de l&rsquo;intervention \u00e0 effectuer sur votre appareil.<\/p>\n<h2>CMS grill\u00e9 ? ou arrach\u00e9 ?<img loading=\"lazy\" decoding=\"async\" class=\"alignright wp-image-1647\" src=\"https:\/\/www.soudures.fr\/wp-content\/uploads\/2023\/01\/cms-carte-mere-grille-300x300.jpg\" alt=\"soudure sur carte m\u00e8re \u00e9lectronique\" width=\"200\" height=\"200\" srcset=\"https:\/\/www.soudures.fr\/wp-content\/uploads\/2023\/01\/cms-carte-mere-grille-300x300.jpg 300w, https:\/\/www.soudures.fr\/wp-content\/uploads\/2023\/01\/cms-carte-mere-grille-150x150.jpg 150w, https:\/\/www.soudures.fr\/wp-content\/uploads\/2023\/01\/cms-carte-mere-grille.jpg 382w\" sizes=\"(max-width: 200px) 100vw, 200px\" \/><\/h2>\n<p>Les CMS sont des composants \u00e9lectroniques pr\u00e9sents sur les cartes m\u00e8res (PC, smartphone, tablette, console, tableau de bord). Ils filtrent et stabilisent l\u2019alimentation \u00e9lectrique, assurant un fonctionnement fiable des appareils. Remplacez ou r\u00e9parez vos CMS pour prolonger leur dur\u00e9e de vie.<\/p>\n<p><strong>Parmi les panes les plus fr\u00e9quentes :<\/strong><\/p>\n<p>Il y a \u00e9galement la d\u00e9faillance d&rsquo;une r\u00e9sistance souvent r\u00e9par\u00e9e gr\u00e2ce \u00e0 la soudure sur carte m\u00e8re \u00e9lectronique.<\/p>\n<p>Il y a plusieurs raisons pour lesquelles une r\u00e9sistance sur une carte \u00e9lectronique peut \u00eatre remplac\u00e9e :<\/p>\n<h2>Une r\u00e9sistance \u00e0 remplacer sur votre carte m\u00e8re ?<\/h2>\n<p>Une r\u00e9sistance peut devenir d\u00e9fectueuse en raison d&rsquo;un court-circuit, d&rsquo;une surchauffe, d&rsquo;une usure normale ou d&rsquo;une mauvaise qualit\u00e9 de fabrication.<br \/>Si c&rsquo;est le cas : <br \/>Il est important de remplacer la r\u00e9sistance d\u00e9fectueuse pour \u00e9viter que le probl\u00e8me ne se propage \u00e0 d&rsquo;autres composants de la carte \u00e9lectronique.<\/p>\n<p>Une r\u00e9sistance peut \u00e9galement \u00eatre endommag\u00e9e en raison d&rsquo;un choc ou d&rsquo;un d\u00e9faut de fabrication.<br \/>Si c&rsquo;est le cas :<br \/>\u00a0 Il est \u00e9galement important de faire remplacer la r\u00e9sistance endommag\u00e9e.<\/p>\n<h2>Le connecteur de charge de votre appareil est abim\u00e9 ou arrach\u00e9 ?<\/h2>\n<p>Si la prise de charge de votre ordinateur ou tout autre appareil \u00e9lectronique rechargeable est endommag\u00e9e, cela peut causer des probl\u00e8mes de charge de la batterie et\/ou de fonctionnement lorsqu&rsquo;il est branch\u00e9 sur secteur.<br \/>Il est recommand\u00e9 de ne pas l&rsquo;utiliser dans cet \u00e9tat, car cela pourrait causer des dommages suppl\u00e9mentaires et\/ou causer un incendie.<br \/>Il est pr\u00e9f\u00e9rable de faire r\u00e9parer ou remplacer la prise de charge.<\/p>\n<h2>Un technicien pour r\u00e9parer ou vous donner les meilleurs conseils<\/h2>\n<p>Un technicien pourra intervenir sur le probl\u00e8me de votre prise de charge et d\u00e9terminer la meilleure solution.<br \/>&#8211; Si la prise de charge est simplement d\u00e9fectueuse, il pourra la remplacer.<br \/>&#8211; Si d&rsquo;autres composants de l&rsquo;ordinateur ont \u00e9t\u00e9 endommag\u00e9s en raison de l&rsquo;utilisation d&rsquo;une prise de charge d\u00e9fectueuse, ils pourront \u00e9galement \u00eatre r\u00e9par\u00e9s ou remplac\u00e9s.<\/p>\n<p>A la suite de l&rsquo;intervention, le technicien pourra s&rsquo;assurer que l&rsquo;appareil fonctionne correctement et vous donner des conseils pour \u00e9viter que le probl\u00e8me arrive \u00e0 nouveau.<\/p>\n<p><strong>Si vous avez un appareil \u00e9lectronique endommag\u00e9, qui n\u00e9cessite une intervention en micro soudure, nous pouvons re-souder ou remplacer des composants minuscules sur les cartes \u00e9lectroniques.<\/strong><\/p>\n<p>La microsoudure est particuli\u00e8rement utile pour r\u00e9parer des composants tels que les connecteurs de charge, les ports USB, les prises audio, les composants logiques, les r\u00e9sistances, les transformateurs&#8230;<br \/>De plus, il est pr\u00e9f\u00e9rable de r\u00e9parer un appareil \u00e9lectronique plut\u00f4t que de le jeter et en acheter un autre, cela permet d&rsquo;\u00e9conomiser de l&rsquo;argent et de r\u00e9duire les d\u00e9chets.<\/p>\n<p>En effet, faire r\u00e9parer votre appareil peut \u00e9galement prolonger sa dur\u00e9e de vie et contribuer \u00e0 une utilisation plus durable des ressources.<\/p>\n<p><strong>Le conseil malin \ud83d\ude09<\/strong> La solution de r\u00e9paration est plus \u00e9cologique et moins \u00e9nergivore que d&rsquo;en acheter un nouveau, car il n&rsquo;est pas n\u00e9cessaire de produire un nouvel objet et de le transporter jusqu&rsquo;\u00e0 chez vous.<br \/>Enfin, faire r\u00e9parer, est \u00e9galement un moyen de maintenir les comp\u00e9tences traditionnelles et de valoriser les travailleurs qualifi\u00e9s.<\/p>\n<h3>Comment nous contacter<\/h3>\n<p>Pour un devis, envoyez nous un mail avec des photos d\u00e9taill\u00e9es en d\u00e9crivant l\u2019op\u00e9ration \u00e0 effectuer<\/p>\n<p>A: <a href=\"mailto:contact@soudures.fr\">contact@soudures.fr<\/a> afin que nous puissions vous renseigner au mieux.<\/p>\n<p><span style=\"color: #0d64b5;\"><em><strong><span id=\"p155\">Important :<\/span><span id=\"p156\"> compte tenu de la diversit\u00e9 des appareils sur lesquels nous intervenons, nous ne faisons pas de recherche de panne. L&rsquo;origine de votre dysfonctionnement doit <\/span><span id=\"p157\">avoir \u00e9t\u00e9 identifi\u00e9e.<br \/><\/span><\/strong><\/em><\/span><a href=\"mailto:contact@soudures.fr\"><br \/><\/a>Votre carte m\u00e8re, carte \u00e9lectronique, ou autre appareil \u00e0 r\u00e9parer pourra \u00eatre envoy\u00e9 par courrier dans nos locaux au :<br \/><strong>E-valoris 174 rue des fontaines 31300 Toulouse Tel.\u00a0\u00a0<a href=\"tel:0666418683\">06.66.41.86.83<\/a><\/strong><\/p>\n<h2>Saisissez votre demande<\/h2>\n\n<style id=\"wpforms-css-vars-root\">\n\t\t\t\t:root {\n\t\t\t\t\t--wpforms-field-border-radius: 3px;\n--wpforms-field-background-color: #ffffff;\n--wpforms-field-border-color: rgba( 0, 0, 0, 0.25 );\n--wpforms-field-text-color: rgba( 0, 0, 0, 0.7 );\n--wpforms-label-color: rgba( 0, 0, 0, 0.85 );\n--wpforms-label-sublabel-color: rgba( 0, 0, 0, 0.55 );\n--wpforms-label-error-color: #d63637;\n--wpforms-button-border-radius: 3px;\n--wpforms-button-background-color: #066aab;\n--wpforms-button-text-color: #ffffff;\n--wpforms-page-break-color: #066aab;\n--wpforms-field-size-input-height: 43px;\n--wpforms-field-size-input-spacing: 15px;\n--wpforms-field-size-font-size: 16px;\n--wpforms-field-size-line-height: 19px;\n--wpforms-field-size-padding-h: 14px;\n--wpforms-field-size-checkbox-size: 16px;\n--wpforms-field-size-sublabel-spacing: 5px;\n--wpforms-field-size-icon-size: 1;\n--wpforms-label-size-font-size: 16px;\n--wpforms-label-size-line-height: 19px;\n--wpforms-label-size-sublabel-font-size: 14px;\n--wpforms-label-size-sublabel-line-height: 17px;\n--wpforms-button-size-font-size: 17px;\n--wpforms-button-size-height: 41px;\n--wpforms-button-size-padding-h: 15px;\n--wpforms-button-size-margin-top: 10px;\n\n\t\t\t\t}\n\t\t\t<\/style><div class=\"wpforms-container wpforms-container-full wpforms-block wpforms-block-5227226c-3d98-4726-ab71-95adf7976c61 wpforms-render-modern\" id=\"wpforms-1713\"><form id=\"wpforms-form-1713\" class=\"wpforms-validate wpforms-form wpforms-ajax-form\" data-formid=\"1713\" method=\"post\" enctype=\"multipart\/form-data\" action=\"\/index.php\/wp-json\/wp\/v2\/pages\/1293\" data-token=\"f2fb7c3cc26b8f29c7f7c98c11ea3cdf\"><noscript class=\"wpforms-error-noscript\">Veuillez activer JavaScript dans votre navigateur pour remplir ce formulaire.<\/noscript><div class=\"wpforms-hidden\" id=\"wpforms-error-noscript\">Veuillez activer JavaScript dans votre navigateur pour remplir ce formulaire.<\/div><div class=\"wpforms-field-container\"><div id=\"wpforms-1713-field_0-container\" class=\"wpforms-field wpforms-field-name\" data-field-id=\"0\"><fieldset><legend class=\"wpforms-field-label\">Nom <span class=\"wpforms-required-label\" aria-hidden=\"true\">*<\/span><\/legend><div class=\"wpforms-field-row wpforms-field-medium\"><div class=\"wpforms-field-row-block wpforms-first wpforms-one-half\"><input type=\"text\" id=\"wpforms-1713-field_0\" class=\"wpforms-field-name-first wpforms-field-required\" name=\"wpforms[fields][0][first]\" aria-errormessage=\"wpforms-1713-field_0-error\" required><label for=\"wpforms-1713-field_0\" class=\"wpforms-field-sublabel after \">Pr\u00e9nom<\/label><\/div><div class=\"wpforms-field-row-block wpforms-one-half\"><input type=\"text\" id=\"wpforms-1713-field_0-last\" class=\"wpforms-field-name-last wpforms-field-required\" name=\"wpforms[fields][0][last]\" aria-errormessage=\"wpforms-1713-field_0-last-error\" required><label for=\"wpforms-1713-field_0-last\" class=\"wpforms-field-sublabel after \">Nom<\/label><\/div><\/div><\/fieldset><\/div><div id=\"wpforms-1713-field_1-container\" class=\"wpforms-field wpforms-field-email\" data-field-id=\"1\"><label class=\"wpforms-field-label\" for=\"wpforms-1713-field_1\">E-mail <span class=\"wpforms-required-label\" aria-hidden=\"true\">*<\/span><\/label><input type=\"email\" id=\"wpforms-1713-field_1\" class=\"wpforms-field-medium wpforms-field-required\" name=\"wpforms[fields][1]\" spellcheck=\"false\" aria-errormessage=\"wpforms-1713-field_1-error\" required><\/div><div id=\"wpforms-1713-field_2-container\" class=\"wpforms-field wpforms-field-textarea\" data-field-id=\"2\"><label class=\"wpforms-field-label\" for=\"wpforms-1713-field_2\">Saisissez votre demande de r\u00e9paration<\/label><textarea id=\"wpforms-1713-field_2\" class=\"wpforms-field-medium\" name=\"wpforms[fields][2]\" aria-errormessage=\"wpforms-1713-field_2-error\" ><\/textarea><\/div><\/div><!-- .wpforms-field-container --><div class=\"wpforms-recaptcha-container wpforms-is-recaptcha wpforms-is-recaptcha-type-v3\" ><input type=\"hidden\" name=\"wpforms[recaptcha]\" value=\"\"><\/div><div class=\"wpforms-submit-container\" ><input type=\"hidden\" name=\"wpforms[id]\" value=\"1713\"><input type=\"hidden\" name=\"wpforms[author]\" value=\"1\"><button type=\"submit\" name=\"wpforms[submit]\" id=\"wpforms-submit-1713\" class=\"wpforms-submit\" data-alt-text=\"Envoi...\" data-submit-text=\"Envoyer\" aria-live=\"assertive\" value=\"wpforms-submit\">Envoyer<\/button><img loading=\"lazy\" decoding=\"async\" src=\"https:\/\/www.soudures.fr\/wp-content\/plugins\/wpforms-lite\/assets\/images\/submit-spin.svg\" class=\"wpforms-submit-spinner\" style=\"display: none;\" width=\"26\" height=\"26\" alt=\"Chargement en cours\"><\/div><\/form><\/div>  <!-- .wpforms-container -->\n\n\n<figure class=\"wp-block-gallery has-nested-images columns-default is-cropped wp-block-gallery-1 is-layout-flex wp-block-gallery-is-layout-flex\">\n<figure class=\"wp-block-image size-large\"><img loading=\"lazy\" decoding=\"async\" width=\"900\" height=\"600\" data-id=\"1482\" src=\"https:\/\/www.soudures.fr\/wp-content\/uploads\/2016\/12\/cartes-meres.jpg\" alt=\"\" class=\"wp-image-1482\" srcset=\"https:\/\/www.soudures.fr\/wp-content\/uploads\/2016\/12\/cartes-meres.jpg 900w, https:\/\/www.soudures.fr\/wp-content\/uploads\/2016\/12\/cartes-meres-300x200.jpg 300w, https:\/\/www.soudures.fr\/wp-content\/uploads\/2016\/12\/cartes-meres-768x512.jpg 768w\" sizes=\"(max-width: 900px) 100vw, 900px\" \/><\/figure>\n<\/figure>\n","protected":false},"excerpt":{"rendered":"<p>Micro soudure sur carte m\u00e8re \u00e9lectronique \u00e0 Toulouse. Soudure sur carte m\u00e8re \u00e9lectronique, micro-soudure pour remplacement de composant CMS sur carte m\u00e8re, circuit imprim\u00e9&#8230; La soudure d&rsquo;un de vos composants &#8230;<\/p>\n","protected":false},"author":1,"featured_media":0,"parent":0,"menu_order":0,"comment_status":"closed","ping_status":"closed","template":"template-left-sidebar.php","meta":{"_monsterinsights_skip_tracking":false,"_monsterinsights_sitenote_active":false,"_monsterinsights_sitenote_note":"","_monsterinsights_sitenote_category":0,"footnotes":""},"_links":{"self":[{"href":"https:\/\/www.soudures.fr\/index.php\/wp-json\/wp\/v2\/pages\/1293"}],"collection":[{"href":"https:\/\/www.soudures.fr\/index.php\/wp-json\/wp\/v2\/pages"}],"about":[{"href":"https:\/\/www.soudures.fr\/index.php\/wp-json\/wp\/v2\/types\/page"}],"author":[{"embeddable":true,"href":"https:\/\/www.soudures.fr\/index.php\/wp-json\/wp\/v2\/users\/1"}],"replies":[{"embeddable":true,"href":"https:\/\/www.soudures.fr\/index.php\/wp-json\/wp\/v2\/comments?post=1293"}],"version-history":[{"count":49,"href":"https:\/\/www.soudures.fr\/index.php\/wp-json\/wp\/v2\/pages\/1293\/revisions"}],"predecessor-version":[{"id":1805,"href":"https:\/\/www.soudures.fr\/index.php\/wp-json\/wp\/v2\/pages\/1293\/revisions\/1805"}],"wp:attachment":[{"href":"https:\/\/www.soudures.fr\/index.php\/wp-json\/wp\/v2\/media?parent=1293"}],"curies":[{"name":"wp","href":"https:\/\/api.w.org\/{rel}","templated":true}]}}