{"id":1296,"date":"2023-02-02T08:15:57","date_gmt":"2023-02-02T07:15:57","guid":{"rendered":"https:\/\/www.soudures.fr\/?page_id=1296"},"modified":"2025-01-03T17:31:05","modified_gmt":"2025-01-03T16:31:05","slug":"soudures-de-composants-electroniques","status":"publish","type":"page","link":"https:\/\/www.soudures.fr\/index.php\/soudures-de-composants-electroniques\/","title":{"rendered":"Soudures de composants \u00e9lectroniques"},"content":{"rendered":"\n<p><\/p>\n\n\n\n<figure class=\"wp-block-image size-full\"><img loading=\"lazy\" decoding=\"async\" width=\"1017\" height=\"473\" src=\"https:\/\/www.soudures.fr\/wp-content\/uploads\/2023\/12\/soudure-sur-composants-electronique.jpg\" alt=\"\" class=\"wp-image-1776\" srcset=\"https:\/\/www.soudures.fr\/wp-content\/uploads\/2023\/12\/soudure-sur-composants-electronique.jpg 1017w, https:\/\/www.soudures.fr\/wp-content\/uploads\/2023\/12\/soudure-sur-composants-electronique-300x140.jpg 300w, https:\/\/www.soudures.fr\/wp-content\/uploads\/2023\/12\/soudure-sur-composants-electronique-768x357.jpg 768w\" sizes=\"(max-width: 1017px) 100vw, 1017px\" \/><\/figure>\n\n\n\n<p><\/p>\n\n\n\n<p class=\"has-medium-font-size\"><strong>Situ\u00e9 \u00e0 Toulouse<\/strong>, notre service de soudures de composants \u00e9lectroniques et de r\u00e9paration offre une expertise en microsoudure et <strong>r\u00e9paration des composants de cartes \u00e9lectroniques<\/strong>.<\/p>\n\n\n\n<p class=\"has-medium-font-size\">Nous nous sp\u00e9cialisons dans la remise en \u00e9tat de <strong>divers appareils \u00e9lectroniques<\/strong> :<br>T\u00e9l\u00e9commandes, lecteurs de cartes, tableaux de bord, panneaux de commandes, ampli, informatique, cl\u00e9 automobile, automatismes, domotique\u2026 et bien d&rsquo;autres.<\/p>\n\n\n\n<p class=\"has-medium-font-size\">Nous comprenons l&rsquo;importance de vos appareils dans votre vie quotidienne.<br>Nous nous engageons \u00e0 proposer des <a href=\"https:\/\/reparation.icox.fr\/10-micro-soudure\"><strong>r\u00e9parations rapides<\/strong>, efficaces et durables<\/a>.<\/p>\n\n\n\n<p class=\"has-medium-font-size\">En plus de nos services de r\u00e9paration, nous offrons des <strong>conseils personnalis\u00e9s<\/strong> pour pr\u00e9venir d&rsquo;\u00e9ventuels probl\u00e8mes futurs.<\/p>\n\n\n\n<p class=\"has-medium-font-size\">Nous croyons en une <strong>approche durable, \u00e9conomique et \u00e9cologique<\/strong> centr\u00e9e sur le client, garantissant ainsi une exp\u00e9rience de service in\u00e9gal\u00e9e.<\/p>\n\n\n\n<p class=\"has-medium-font-size\">Faites confiance \u00e0 notre expertise :<br>&#8211; Pour redonner vie \u00e0 vos appareils \u00e9lectroniques. <\/p>\n\n\n\n<p class=\"has-medium-font-size\">&#8211; B\u00e9n\u00e9ficiez d&rsquo;un <strong><a href=\"https:\/\/www.soudures.fr\/index.php\/micro-soudure-soudures-fr-qui-sommes-nous\/\">service de proximit\u00e9<\/a><\/strong>, rapide et fiable <strong>\u00e0 Toulouse<\/strong>.<\/p>\n\n\n\n<figure class=\"wp-block-gallery has-nested-images columns-default is-cropped wp-block-gallery-1 is-layout-flex wp-block-gallery-is-layout-flex\">\n<figure class=\"wp-block-image size-large\"><img loading=\"lazy\" decoding=\"async\" width=\"1024\" height=\"788\" data-id=\"1526\" src=\"https:\/\/www.soudures.fr\/wp-content\/uploads\/2018\/06\/connecteur-batterie-1024x788.png\" alt=\"\" class=\"wp-image-1526\" srcset=\"https:\/\/www.soudures.fr\/wp-content\/uploads\/2018\/06\/connecteur-batterie-1024x788.png 1024w, https:\/\/www.soudures.fr\/wp-content\/uploads\/2018\/06\/connecteur-batterie-300x231.png 300w, https:\/\/www.soudures.fr\/wp-content\/uploads\/2018\/06\/connecteur-batterie-768x591.png 768w, https:\/\/www.soudures.fr\/wp-content\/uploads\/2018\/06\/connecteur-batterie.png 1371w\" sizes=\"(max-width: 1024px) 100vw, 1024px\" \/><figcaption class=\"wp-element-caption\">Soudures des connecteurs de batteries<\/figcaption><\/figure>\n\n\n\n<figure class=\"wp-block-image size-large\"><img loading=\"lazy\" decoding=\"async\" width=\"1024\" height=\"785\" data-id=\"1517\" src=\"https:\/\/www.soudures.fr\/wp-content\/uploads\/2018\/06\/micro-carte-mere-1024x785.png\" alt=\"\" class=\"wp-image-1517\" srcset=\"https:\/\/www.soudures.fr\/wp-content\/uploads\/2018\/06\/micro-carte-mere-1024x785.png 1024w, https:\/\/www.soudures.fr\/wp-content\/uploads\/2018\/06\/micro-carte-mere-300x230.png 300w, https:\/\/www.soudures.fr\/wp-content\/uploads\/2018\/06\/micro-carte-mere-768x589.png 768w, https:\/\/www.soudures.fr\/wp-content\/uploads\/2018\/06\/micro-carte-mere.png 1157w\" sizes=\"(max-width: 1024px) 100vw, 1024px\" \/><figcaption class=\"wp-element-caption\">Micro-soudures sur contacteurs, r\u00e9sistances, bobines&#8230;<\/figcaption><\/figure>\n\n\n\n<figure class=\"wp-block-image size-large\"><img loading=\"lazy\" decoding=\"async\" width=\"861\" height=\"841\" data-id=\"1513\" src=\"https:\/\/www.soudures.fr\/wp-content\/uploads\/2018\/06\/resistances-avec-pince.png\" alt=\"\" class=\"wp-image-1513\" srcset=\"https:\/\/www.soudures.fr\/wp-content\/uploads\/2018\/06\/resistances-avec-pince.png 861w, https:\/\/www.soudures.fr\/wp-content\/uploads\/2018\/06\/resistances-avec-pince-300x293.png 300w, https:\/\/www.soudures.fr\/wp-content\/uploads\/2018\/06\/resistances-avec-pince-768x750.png 768w\" sizes=\"(max-width: 861px) 100vw, 861px\" \/><figcaption class=\"wp-element-caption\">Remplacement des filtres, diode, transistor,&#8230;<\/figcaption><\/figure>\n\n\n\n<figure class=\"wp-block-image size-large\"><img loading=\"lazy\" decoding=\"async\" width=\"1024\" height=\"711\" data-id=\"1514\" src=\"https:\/\/www.soudures.fr\/wp-content\/uploads\/2018\/06\/connecteur-2-avec-pince-1024x711.png\" alt=\"\" class=\"wp-image-1514\" srcset=\"https:\/\/www.soudures.fr\/wp-content\/uploads\/2018\/06\/connecteur-2-avec-pince-1024x711.png 1024w, https:\/\/www.soudures.fr\/wp-content\/uploads\/2018\/06\/connecteur-2-avec-pince-300x208.png 300w, https:\/\/www.soudures.fr\/wp-content\/uploads\/2018\/06\/connecteur-2-avec-pince-768x533.png 768w, https:\/\/www.soudures.fr\/wp-content\/uploads\/2018\/06\/connecteur-2-avec-pince.png 1477w\" sizes=\"(max-width: 1024px) 100vw, 1024px\" \/><figcaption class=\"wp-element-caption\">Connecteurs d&rsquo;\u00e9crans, pin,&#8230;remplac\u00e9s et soud\u00e9s<\/figcaption><\/figure>\n\n\n\n<figure class=\"wp-block-image size-large\"><img loading=\"lazy\" decoding=\"async\" width=\"1024\" height=\"747\" data-id=\"1515\" src=\"https:\/\/www.soudures.fr\/wp-content\/uploads\/2018\/06\/connecteur-avec-pince-1024x747.png\" alt=\"\" class=\"wp-image-1515\" srcset=\"https:\/\/www.soudures.fr\/wp-content\/uploads\/2018\/06\/connecteur-avec-pince-1024x747.png 1024w, https:\/\/www.soudures.fr\/wp-content\/uploads\/2018\/06\/connecteur-avec-pince-300x219.png 300w, https:\/\/www.soudures.fr\/wp-content\/uploads\/2018\/06\/connecteur-avec-pince-768x560.png 768w, https:\/\/www.soudures.fr\/wp-content\/uploads\/2018\/06\/connecteur-avec-pince.png 1345w\" sizes=\"(max-width: 1024px) 100vw, 1024px\" \/><figcaption class=\"wp-element-caption\">Soudures sur prises coaxiales, antennes,&#8230;<\/figcaption><\/figure>\n\n\n\n<figure class=\"wp-block-image size-large\"><img loading=\"lazy\" decoding=\"async\" width=\"867\" height=\"745\" data-id=\"1516\" src=\"https:\/\/www.soudures.fr\/wp-content\/uploads\/2018\/06\/double-connecteur.png\" alt=\"\" class=\"wp-image-1516\" srcset=\"https:\/\/www.soudures.fr\/wp-content\/uploads\/2018\/06\/double-connecteur.png 867w, https:\/\/www.soudures.fr\/wp-content\/uploads\/2018\/06\/double-connecteur-300x258.png 300w, https:\/\/www.soudures.fr\/wp-content\/uploads\/2018\/06\/double-connecteur-768x660.png 768w\" sizes=\"(max-width: 867px) 100vw, 867px\" \/><figcaption class=\"wp-element-caption\">R\u00e9paration de piste sur carte \u00e9lectronique<\/figcaption><\/figure>\n<\/figure>\n\n\n\n<p><\/p>\n\n\n\n<h2 class=\"wp-block-heading has-medium-font-size\">Nos interventions de soudures de composants \u00e9lectroniques sont pratiqu\u00e9es sur : <\/h2>\n\n\n\n<ul>\n<li>Les Pistes Conductrices, <\/li>\n\n\n\n<li>R\u00e9sistances, <\/li>\n\n\n\n<li>Condensateurs, <\/li>\n\n\n\n<li>Diodes, <\/li>\n\n\n\n<li>Transistors, <\/li>\n\n\n\n<li>Microcontr\u00f4leurs, <\/li>\n\n\n\n<li>LEDs, <\/li>\n\n\n\n<li>Connecteurs, <\/li>\n\n\n\n<li>Inductances (bobines), <\/li>\n\n\n\n<li>Circuits int\u00e9gr\u00e9s, <\/li>\n\n\n\n<li>Fusibles et disjoncteurs, <\/li>\n\n\n\n<li>Relais, <\/li>\n\n\n\n<li>Cristal d&rsquo;horloge, <\/li>\n\n\n\n<li>Transformateurs, \u2026<\/li>\n<\/ul>\n\n\n\n<h2 class=\"wp-block-heading\">En r\u00e9sum\u00e9 :<\/h2>\n\n\n\n<p>En compl\u00e9ment de nos services, nous utilisons des techniques de microsoudure de pr\u00e9cision pour garantir des r\u00e9parations de qualit\u00e9 sup\u00e9rieure.<br>Chaque intervention est r\u00e9alis\u00e9e avec soin, pour assurer la fiabilit\u00e9 et la durabilit\u00e9 de vos appareils \u00e9lectroniques.<\/p>\n\n\n\n<p>Nous intervenons sur des pannes complexes telles que les connecteurs arrach\u00e9s, les composants endommag\u00e9s ou les circuits d\u00e9fectueux.<br>Que ce soit pour un appareil domestique ou professionnel, notre objectif est de vous offrir une solution rapide et efficace.<\/p>\n\n\n\n<p>De plus, nous privil\u00e9gions la r\u00e9paration \u00e0 l&rsquo;achat de nouveaux appareils.<\/p>\n\n\n\n<p>La finalit\u00e9 et de r\u00e9duire les d\u00e9chets \u00e9lectroniques et de contribuer \u00e0 une consommation plus responsable.<\/p>\n\n\n\n<p>Notre \u00e9quipe se tient \u00e0 votre disposition pour r\u00e9pondre \u00e0 vos besoins, avec des conseils adapt\u00e9s et un accompagnement personnalis\u00e9.<\/p>\n\n\n\n<p>Redonnez une seconde vie \u00e0 vos appareils gr\u00e2ce \u00e0 notre expertise !<\/p>\n\n\n<style id=\"wpforms-css-vars-root\">\n\t\t\t\t:root {\n\t\t\t\t\t--wpforms-field-border-radius: 3px;\n--wpforms-field-background-color: #ffffff;\n--wpforms-field-border-color: rgba( 0, 0, 0, 0.25 );\n--wpforms-field-text-color: rgba( 0, 0, 0, 0.7 );\n--wpforms-label-color: rgba( 0, 0, 0, 0.85 );\n--wpforms-label-sublabel-color: rgba( 0, 0, 0, 0.55 );\n--wpforms-label-error-color: #d63637;\n--wpforms-button-border-radius: 3px;\n--wpforms-button-background-color: #066aab;\n--wpforms-button-text-color: #ffffff;\n--wpforms-page-break-color: #066aab;\n--wpforms-field-size-input-height: 43px;\n--wpforms-field-size-input-spacing: 15px;\n--wpforms-field-size-font-size: 16px;\n--wpforms-field-size-line-height: 19px;\n--wpforms-field-size-padding-h: 14px;\n--wpforms-field-size-checkbox-size: 16px;\n--wpforms-field-size-sublabel-spacing: 5px;\n--wpforms-field-size-icon-size: 1;\n--wpforms-label-size-font-size: 16px;\n--wpforms-label-size-line-height: 19px;\n--wpforms-label-size-sublabel-font-size: 14px;\n--wpforms-label-size-sublabel-line-height: 17px;\n--wpforms-button-size-font-size: 17px;\n--wpforms-button-size-height: 41px;\n--wpforms-button-size-padding-h: 15px;\n--wpforms-button-size-margin-top: 10px;\n\n\t\t\t\t}\n\t\t\t<\/style><div class=\"wpforms-container wpforms-container-full wpforms-block wpforms-block-a3a7663f-c0aa-41ce-9785-50b64ec14b6c wpforms-render-modern\" id=\"wpforms-1713\"><form id=\"wpforms-form-1713\" class=\"wpforms-validate wpforms-form wpforms-ajax-form\" data-formid=\"1713\" method=\"post\" enctype=\"multipart\/form-data\" action=\"\/index.php\/wp-json\/wp\/v2\/pages\/1296\" data-token=\"0e25e1263f6e27775490258dc177c4a7\"><div class=\"wpforms-head-container\"><div class=\"wpforms-title\">Saisissez votre demande<\/div><\/div><noscript class=\"wpforms-error-noscript\">Veuillez activer JavaScript dans votre navigateur pour remplir ce formulaire.<\/noscript><div class=\"wpforms-hidden\" id=\"wpforms-error-noscript\">Veuillez activer JavaScript dans votre navigateur pour remplir ce formulaire.<\/div><div class=\"wpforms-field-container\"><div id=\"wpforms-1713-field_0-container\" class=\"wpforms-field wpforms-field-name\" data-field-id=\"0\"><fieldset><legend class=\"wpforms-field-label\">Nom <span class=\"wpforms-required-label\" aria-hidden=\"true\">*<\/span><\/legend><div class=\"wpforms-field-row wpforms-field-medium\"><div class=\"wpforms-field-row-block wpforms-first wpforms-one-half\"><input type=\"text\" id=\"wpforms-1713-field_0\" class=\"wpforms-field-name-first wpforms-field-required\" name=\"wpforms[fields][0][first]\" aria-errormessage=\"wpforms-1713-field_0-error\" required><label for=\"wpforms-1713-field_0\" class=\"wpforms-field-sublabel after \">Pr\u00e9nom<\/label><\/div><div class=\"wpforms-field-row-block wpforms-one-half\"><input type=\"text\" id=\"wpforms-1713-field_0-last\" class=\"wpforms-field-name-last wpforms-field-required\" name=\"wpforms[fields][0][last]\" aria-errormessage=\"wpforms-1713-field_0-last-error\" required><label for=\"wpforms-1713-field_0-last\" class=\"wpforms-field-sublabel after \">Nom<\/label><\/div><\/div><\/fieldset><\/div><div id=\"wpforms-1713-field_1-container\" class=\"wpforms-field wpforms-field-email\" data-field-id=\"1\"><label class=\"wpforms-field-label\" for=\"wpforms-1713-field_1\">E-mail <span class=\"wpforms-required-label\" aria-hidden=\"true\">*<\/span><\/label><input type=\"email\" id=\"wpforms-1713-field_1\" class=\"wpforms-field-medium wpforms-field-required\" name=\"wpforms[fields][1]\" spellcheck=\"false\" aria-errormessage=\"wpforms-1713-field_1-error\" required><\/div><div id=\"wpforms-1713-field_2-container\" class=\"wpforms-field wpforms-field-textarea\" data-field-id=\"2\"><label class=\"wpforms-field-label\" for=\"wpforms-1713-field_2\">Saisissez votre demande de r\u00e9paration<\/label><textarea id=\"wpforms-1713-field_2\" class=\"wpforms-field-medium\" name=\"wpforms[fields][2]\" aria-errormessage=\"wpforms-1713-field_2-error\" ><\/textarea><\/div><\/div><!-- .wpforms-field-container --><div class=\"wpforms-recaptcha-container wpforms-is-recaptcha wpforms-is-recaptcha-type-v3\" ><input type=\"hidden\" name=\"wpforms[recaptcha]\" value=\"\"><\/div><div class=\"wpforms-submit-container\" ><input type=\"hidden\" name=\"wpforms[id]\" value=\"1713\"><input type=\"hidden\" name=\"wpforms[author]\" value=\"1\"><button type=\"submit\" name=\"wpforms[submit]\" id=\"wpforms-submit-1713\" class=\"wpforms-submit\" data-alt-text=\"Envoi...\" data-submit-text=\"Envoyer\" aria-live=\"assertive\" value=\"wpforms-submit\">Envoyer<\/button><img loading=\"lazy\" decoding=\"async\" src=\"https:\/\/www.soudures.fr\/wp-content\/plugins\/wpforms-lite\/assets\/images\/submit-spin.svg\" class=\"wpforms-submit-spinner\" style=\"display: none;\" width=\"26\" height=\"26\" alt=\"Chargement en cours\"><\/div><\/form><\/div>  <!-- .wpforms-container -->\n\n\n<p><\/p>\n","protected":false},"excerpt":{"rendered":"<p>Situ\u00e9 \u00e0 Toulouse, notre service de soudures de composants \u00e9lectroniques et de r\u00e9paration offre une expertise en microsoudure et r\u00e9paration des composants de cartes \u00e9lectroniques. Nous nous sp\u00e9cialisons dans la &#8230;<\/p>\n","protected":false},"author":1,"featured_media":0,"parent":0,"menu_order":0,"comment_status":"closed","ping_status":"closed","template":"","meta":{"_monsterinsights_skip_tracking":false,"_monsterinsights_sitenote_active":false,"_monsterinsights_sitenote_note":"","_monsterinsights_sitenote_category":0,"footnotes":""},"_links":{"self":[{"href":"https:\/\/www.soudures.fr\/index.php\/wp-json\/wp\/v2\/pages\/1296"}],"collection":[{"href":"https:\/\/www.soudures.fr\/index.php\/wp-json\/wp\/v2\/pages"}],"about":[{"href":"https:\/\/www.soudures.fr\/index.php\/wp-json\/wp\/v2\/types\/page"}],"author":[{"embeddable":true,"href":"https:\/\/www.soudures.fr\/index.php\/wp-json\/wp\/v2\/users\/1"}],"replies":[{"embeddable":true,"href":"https:\/\/www.soudures.fr\/index.php\/wp-json\/wp\/v2\/comments?post=1296"}],"version-history":[{"count":34,"href":"https:\/\/www.soudures.fr\/index.php\/wp-json\/wp\/v2\/pages\/1296\/revisions"}],"predecessor-version":[{"id":1831,"href":"https:\/\/www.soudures.fr\/index.php\/wp-json\/wp\/v2\/pages\/1296\/revisions\/1831"}],"wp:attachment":[{"href":"https:\/\/www.soudures.fr\/index.php\/wp-json\/wp\/v2\/media?parent=1296"}],"curies":[{"name":"wp","href":"https:\/\/api.w.org\/{rel}","templated":true}]}}